{"id":2693,"date":"2016-05-09T16:49:10","date_gmt":"2016-05-09T16:49:10","guid":{"rendered":"http:\/\/themes.webdevia.com\/factory\/?page_id=5"},"modified":"2021-12-28T14:28:24","modified_gmt":"2021-12-28T13:28:24","slug":"homepage","status":"publish","type":"page","link":"https:\/\/witim.pl\/","title":{"rendered":"Home"},"content":{"rendered":"<p>[vc_row][vc_column][rev_slider_vc alias=&#8221;home-one-slider&#8221;][\/vc_column][\/vc_row][vc_row css=&#8221;.vc_custom_1463954640353{padding-right: 20px !important;padding-left: 20px !important;}&#8221;][vc_column][vc_row_inner gap=&#8221;20&#8243;][vc_column_inner width=&#8221;1\/4&#8243;][vc_raw_html]JTNDZGl2JTIwY2xhc3MlM0QlMjJzZXJ2aWNlLWJsb2NrJTIyJTNFJTBBJTA5JTNDaDMlM0VDenltJTIwemFqbXVqZSUyMHNpJUM0JTk5JTIwJTNDYnIlM0UlM0NzcGFuJTIwY2xhc3MlM0QlMjJoaWdobGlnaHRlZCUyMCUyMiUzRW5hc3phJTIwZmlybWElM0YlM0MlMkZzcGFuJTNFJTNDJTJGaDMlM0UlMEElMDklM0NwJTNFRHppYSVDNSU4MmFteSUyMG5hJTIwcnlua3UlMjBvZCUyMGQlQzUlODJ1JUM1JUJDc3plZ28lMjBjemFzdS4lMjBSb3pwb2N6eW5hbGklQzUlOUJteSUyMG9kJTIwbW9udGElQzUlQkN1JTIwZHJ6d2klMjBpJTIwb2tpZW4lMkMlMjB0ZXJheiUyMG5hc3olMjBkemlhJUM1JTgyYWxubyVDNSU5QiVDNCU4NyUyMHpvc3RhJUM1JTgyYSUyMHJvenN6ZXJ6b25hJTIwc3plcmVnJTIwbm93eWNoJTIwdXMlQzUlODJ1ZyUyMGklMjBwcmR1a3QlQzMlQjN3JTIwJTNDJTJGcCUzRSUwQSUzQyUyRmRpdiUzRQ==[\/vc_raw_html][\/vc_column_inner][vc_column_inner width=&#8221;1\/4&#8243;]\t\t\t\t\t<section class=\"wd-image-text style-2\">\r\n\t\t\t\t<div class=\" service-img-box\" >\r\n\t\t\t\t\t\t\t\t\t\t<img decoding=\"async\" src=\"https:\/\/witim.pl\/wp-content\/uploads\/2016\/05\/3.jpg\" alt=\"icon\" \/>\r\n\t\t\t\t\t\t\t\t\t\t<h4 class=\"wd-title-element\">Monta\u017c drzwi i okien<\/h4>\r\n\t\t\t\t\t\t\t\t\t\t<p>\r\n\t\t\t\t\t\tRynek drzwi i okien dynamicznie si\u0119 zmienia, przede wszystkim za spraw\u0105 d\u0105\u017cenia do jak najwi\u0119kszej izolacji budynk\u00f3w\t\t\t\t\t<\/p>\r\n\t\t\t\t<\/div>\r\n\t\t\t<\/section>\r\n\t\t[\/vc_column_inner][vc_column_inner width=&#8221;1\/4&#8243;]\t\t\t\t\t<section class=\"wd-image-text style-2\">\r\n\t\t\t\t<div class=\" service-img-box\" >\r\n\t\t\t\t\t\t\t\t\t\t<img decoding=\"async\" src=\"https:\/\/witim.pl\/wp-content\/uploads\/2014\/08\/pr7.jpg\" alt=\"icon\" \/>\r\n\t\t\t\t\t\t\t\t\t\t<h4 class=\"wd-title-element\">Bramy gara\u017cowe<\/h4>\r\n\t\t\t\t\t\t\t\t\t\t<p>\r\n\t\t\t\t\t\tNowoczesne bramy gara\u017cowe to nie tylko element funkcjonalny budynku, ale tak\u017ce dekoracyjny\t\t\t\t\t<\/p>\r\n\t\t\t\t<\/div>\r\n\t\t\t<\/section>\r\n\t\t[\/vc_column_inner][vc_column_inner width=&#8221;1\/4&#8243;]\t\t\t\t\t<section class=\"wd-image-text style-2\">\r\n\t\t\t\t<div class=\" service-img-box\" >\r\n\t\t\t\t\t\t\t\t\t\t<img decoding=\"async\" src=\"https:\/\/witim.pl\/wp-content\/uploads\/2015\/05\/WhatsApp-Image-2021-12-26-at-13.09.57-3-1024x768.jpeg\" alt=\"icon\" \/>\r\n\t\t\t\t\t<a href=#>\t\t\t\t\t<h4 class=\"wd-title-element\">Balustrady<\/h4>\r\n\t\t\t\t\t<\/a>\t\t\t\t\t<p>\r\n\t\t\t\t\t\tTrendy w budownictwie sprawiaj\u0105, \u017ce najnowsze realizacje balustrad oparte w du\u017cej mierze s\u0105 na po\u0142\u0105czeniu szk\u0142a i metalu\t\t\t\t\t<\/p>\r\n\t\t\t\t<\/div>\r\n\t\t\t<\/section>\r\n\t\t[\/vc_column_inner][\/vc_row_inner][\/vc_column][\/vc_row][vc_row css=&#8221;.vc_custom_1463954640353{padding-right: 20px !important;padding-left: 20px !important;}&#8221;][vc_column][vc_row_inner gap=&#8221;20&#8243;][vc_column_inner width=&#8221;1\/4&#8243;]\t\t\t\t\t<section class=\"wd-image-text style-2\">\r\n\t\t\t\t<div class=\" service-img-box\" >\r\n\t\t\t\t\t\t\t\t\t\t<img decoding=\"async\" src=\"https:\/\/witim.pl\/wp-content\/uploads\/2015\/05\/WhatsApp-12-26-at-13.09.56-1024x575.jpeg\" alt=\"icon\" \/>\r\n\t\t\t\t\t<a href=#>\t\t\t\t\t<h4 class=\"wd-title-element\">Zabudowy i przeszklenia<\/h4>\r\n\t\t\t\t\t<\/a>\t\t\t\t\t<p>\r\n\t\t\t\t\t\tNasza firma specjalizuje si\u0119 w wykonywaniu konstrukcji aluminiowych zadasze\u0144 taras\u00f3w basen\u00f3w i ogr\u00f3dk\u00f3w gastronomicznych\t\t\t\t\t<\/p>\r\n\t\t\t\t<\/div>\r\n\t\t\t<\/section>\r\n\t\t[\/vc_column_inner][vc_column_inner width=&#8221;1\/4&#8243;]\t\t\t\t\t<section class=\"wd-image-text style-2\">\r\n\t\t\t\t<div class=\" service-img-box\" >\r\n\t\t\t\t\t\t\t\t\t\t<img decoding=\"async\" src=\"https:\/\/witim.pl\/wp-content\/uploads\/2014\/08\/plisy-rolety-na-wymiar-nasze-domowe-pielesze-1_2-1024x768.jpg\" alt=\"icon\" \/>\r\n\t\t\t\t\t\t\t\t\t\t<h4 class=\"wd-title-element\">Dekoracje okienne<\/h4>\r\n\t\t\t\t\t\t\t\t\t\t<p>\r\n\t\t\t\t\t\tZajmujemy si\u0119 tak\u017ce wykonywanie rolet, \u017caluzji, plis oraz moskitier okiennych\t\t\t\t\t<\/p>\r\n\t\t\t\t<\/div>\r\n\t\t\t<\/section>\r\n\t\t[\/vc_column_inner][vc_column_inner width=&#8221;1\/4&#8243;]\t\t\t\t\t<section class=\"wd-image-text style-2\">\r\n\t\t\t\t<div class=\" service-img-box\" >\r\n\t\t\t\t\t\t\t\t\t\t<img decoding=\"async\" src=\"https:\/\/witim.pl\/wp-content\/uploads\/2014\/08\/pr9.jpg\" alt=\"icon\" \/>\r\n\t\t\t\t\t<a href=#>\t\t\t\t\t<h4 class=\"wd-title-element\">Systemy zabudowy przesuwnej i uchylnej<\/h4>\r\n\t\t\t\t\t<\/a>\t\t\t\t\t<p>\r\n\t\t\t\t\t\tW\u015br\u00f3d wykonywanych zlece\u0144 znajduj\u0105 si\u0119 zabudowy przesuwne bardzo popularne w gastronomii i handlu\t\t\t\t\t<\/p>\r\n\t\t\t\t<\/div>\r\n\t\t\t<\/section>\r\n\t\t[\/vc_column_inner][vc_column_inner width=&#8221;1\/4&#8243;]\t\t\t\t\t<section class=\"wd-image-text style-2\">\r\n\t\t\t\t<div class=\" service-img-box\" >\r\n\t\t\t\t\t\t\t\t\t\t<img decoding=\"async\" src=\"https:\/\/witim.pl\/wp-content\/uploads\/2016\/05\/enviropure-window-installation.jpg\" alt=\"icon\" \/>\r\n\t\t\t\t\t\t\t\t\t\t<h4 class=\"wd-title-element\">Serwis pogwarancyjny i naprawy<\/h4>\r\n\t\t\t\t\t\t\t\t\t\t<p>\r\n\t\t\t\t\t\tW ramach wykonywanych zlece\u0144 zajmujemy si\u0119, tak\u017ce serwisem pogwarancyjnym i naprawami stolarki okiennej, drzwiowej, bram gara\u017cowych i modernizacj\u0105 istniej\u0105cych instalacji\t\t\t\t\t<\/p>\r\n\t\t\t\t<\/div>\r\n\t\t\t<\/section>\r\n\t\t[\/vc_column_inner][\/vc_row_inner][\/vc_column][\/vc_row][vc_row][vc_column]\r\n\r\r\n\r\r\n<div class=\"doors_empty_space\" data-heightmobile=\"60px\" data-heighttablet=\"80px\" data-heightdesktop=\"80px\">\r\r\n\r\r\n<\/div>\r\r\n      \r\r\n\r\r\n\r\r\n\r\r\n        \r\r\n      \r\r\n    [\/vc_column][\/vc_row][vc_row full_width=&#8221;stretch_row&#8221; css=&#8221;.vc_custom_1486151028127{background-image: url(https:\/\/witim.pl\/wp-content\/uploads\/2016\/05\/worker-glass.jpg?id=2581) !important;background-position: center !important;background-repeat: no-repeat !important;background-size: cover !important;}&#8221;][vc_column width=&#8221;1\/2&#8243;][\/vc_column][vc_column width=&#8221;1\/2&#8243; css=&#8221;.vc_custom_1486223056917{padding-left: 30px !important;}&#8221;]\r\n\r\r\n\r\r\n<div class=\"doors_empty_space\" data-heightmobile=\"40\" data-heighttablet=\"80\" data-heightdesktop=\"100\">\r\r\n\r\r\n<\/div>\r\r\n      \r\r\n\r\r\n\r\r\n\r\r\n        \r\r\n      \r\r\n    \t\t<div class=\"wd-heading   text-left\" >\r\n\t\t\t\r\n      \r\n      \r\n      <div style='margin-top: 10px;'><\/div>\r\n      \r\n      <h2 style=\"margin:0;font-size:48px;line-height:60px;\" >\r\n\t\t\t\t\t\tUzyskaj bezp\u0142atn\u0105 wycen\u0119\t\t\t\t<\/h2>\r\n\r\n\t\t\t\t\t\t<\/div>\r\n\r\n\t\t\r\n\r\r\n\r\r\n<div class=\"doors_empty_space\" data-heightmobile=\"20\" data-heighttablet=\"20\" data-heightdesktop=\"30\">\r\r\n\r\r\n<\/div>\r\r\n      \r\r\n\r\r\n\r\r\n\r\r\n        \r\r\n      \r\r\n    \n<div class=\"wpcf7 no-js\" id=\"wpcf7-f2584-o1\" lang=\"en-US\" dir=\"ltr\" data-wpcf7-id=\"2584\">\n<div class=\"screen-reader-response\"><p role=\"status\" aria-live=\"polite\" aria-atomic=\"true\"><\/p> <ul><\/ul><\/div>\n<form action=\"\/index.php?rest_route=%2Fwp%2Fv2%2Fpages%2F2693#wpcf7-f2584-o1\" method=\"post\" class=\"wpcf7-form init\" aria-label=\"Contact form\" novalidate=\"novalidate\" data-status=\"init\">\n<fieldset class=\"hidden-fields-container\"><input type=\"hidden\" name=\"_wpcf7\" value=\"2584\" \/><input type=\"hidden\" name=\"_wpcf7_version\" value=\"6.1.5\" \/><input type=\"hidden\" name=\"_wpcf7_locale\" value=\"en_US\" \/><input type=\"hidden\" name=\"_wpcf7_unit_tag\" value=\"wpcf7-f2584-o1\" \/><input type=\"hidden\" name=\"_wpcf7_container_post\" value=\"0\" \/><input type=\"hidden\" name=\"_wpcf7_posted_data_hash\" value=\"\" \/>\n<\/fieldset>\n<div class=\"row\">\n\t<div class=\"large-6 columns\">\n\t\t<p><span class=\"wpcf7-form-control-wrap\" data-name=\"your-name\"><input size=\"40\" maxlength=\"400\" class=\"wpcf7-form-control wpcf7-text wpcf7-validates-as-required\" aria-required=\"true\" aria-invalid=\"false\" placeholder=\"Imi\u0119\" value=\"\" type=\"text\" name=\"your-name\" \/><\/span>\n\t\t<\/p>\n\t<\/div>\n\t<div class=\"large-6 columns\">\n\t\t<p><span class=\"wpcf7-form-control-wrap\" data-name=\"Last-Name\"><input size=\"40\" maxlength=\"400\" class=\"wpcf7-form-control wpcf7-text wpcf7-validates-as-required\" aria-required=\"true\" aria-invalid=\"false\" placeholder=\"Nazwisko\" value=\"\" type=\"text\" name=\"Last-Name\" \/><\/span>\n\t\t<\/p>\n\t<\/div>\n\t<div class=\"large-6 columns\">\n\t\t<p><span class=\"wpcf7-form-control-wrap\" data-name=\"your-email\"><input size=\"40\" maxlength=\"400\" class=\"wpcf7-form-control wpcf7-email wpcf7-validates-as-required wpcf7-text wpcf7-validates-as-email\" aria-required=\"true\" aria-invalid=\"false\" placeholder=\"Adres Email\" value=\"\" type=\"email\" name=\"your-email\" \/><\/span>\n\t\t<\/p>\n\t<\/div>\n\t<div class=\"large-6 columns\">\n\t\t<p><span class=\"wpcf7-form-control-wrap\" data-name=\"Phone-Number\"><input size=\"40\" maxlength=\"400\" class=\"wpcf7-form-control wpcf7-text wpcf7-validates-as-required\" aria-required=\"true\" aria-invalid=\"false\" placeholder=\"Telefon\" value=\"\" type=\"text\" name=\"Phone-Number\" \/><\/span>\n\t\t<\/p>\n\t<\/div>\n<\/div>\n<p><span class=\"wpcf7-form-control-wrap\" data-name=\"your-message\"><textarea cols=\"40\" rows=\"5\" maxlength=\"2000\" class=\"wpcf7-form-control wpcf7-textarea\" aria-invalid=\"false\" placeholder=\"Wiadomo\u015b\u0107\" name=\"your-message\"><\/textarea><\/span><br \/>\n<input class=\"wpcf7-form-control wpcf7-submit has-spinner\" type=\"submit\" value=\"Wy\u015blij\" \/><br \/>\n<span class=\"wpcf7-form-control-wrap\" data-name=\"acceptance-191\"><span class=\"wpcf7-form-control wpcf7-acceptance\"><span class=\"wpcf7-list-item\"><label><input type=\"checkbox\" name=\"acceptance-191\" value=\"1\" aria-invalid=\"false\" \/><span class=\"wpcf7-list-item-label\">Wype\u0142nienie formularza oznacza, \u017ce podane w nim dane osobowe b\u0119d\u0105 przetwarzane w celu przes\u0142ania oferty oraz kontaktu w tej sprawie.<\/span><\/label><\/span><\/span><\/span><br \/>\nPrzepisz kod:: <input type=\"hidden\" name=\"_wpcf7_captcha_challenge_captcha-170\" value=\"447329128\" \/><img loading=\"lazy\" decoding=\"async\" class=\"wpcf7-form-control wpcf7-captchac wpcf7-captcha-captcha-170\" width=\"72\" height=\"24\" alt=\"captcha\" src=\"https:\/\/witim.pl\/wp-content\/uploads\/wpcf7_captcha\/447329128.png\" \/><br \/>\n<span class=\"wpcf7-form-control-wrap\" data-name=\"captcha-170\"><input size=\"4\" maxlength=\"4\" class=\"wpcf7-form-control wpcf7-captchar\" autocomplete=\"off\" aria-invalid=\"false\" value=\"\" type=\"text\" name=\"captcha-170\" \/><\/span>\n<\/p><div class=\"wpcf7-response-output\" aria-hidden=\"true\"><\/div>\n<\/form>\n<\/div>\n\r\n\r\r\n\r\r\n<div class=\"doors_empty_space\" data-heightmobile=\"40\" data-heighttablet=\"80\" data-heightdesktop=\"100\">\r\r\n\r\r\n<\/div>\r\r\n      \r\r\n\r\r\n\r\r\n\r\r\n        \r\r\n      \r\r\n    [\/vc_column][\/vc_row][vc_row][vc_column]\r\n\r\r\n\r\r\n<div class=\"doors_empty_space\" data-heightmobile=\"60px\" data-heighttablet=\"80px\" data-heightdesktop=\"80px\">\r\r\n\r\r\n<\/div>\r\r\n      \r\r\n\r\r\n\r\r\n\r\r\n        \r\r\n      \r\r\n    \t\t<div class=\"wd-heading   text-center\" >\r\n\t\t\t\r\n      \r\n              <h5 style=\"font-size:18px;color:#1276a0;\" >\r\n              Od lat pracujemy na Wasze zadowolenie          <\/h5>\r\n\t\t\t\t\r\n      <div style='margin-top: 10px;'><\/div>\r\n      \r\n      <h2 style=\"margin:0;font-size:48px;line-height:60px;\" >\r\n\t\t\t\t\t\tJako\u015b\u0107 jest nasz\u0105 pasj\u0105\t\t\t\t<\/h2>\r\n\r\n\t\t\t\t\t\t<\/div>\r\n\r\n\t\t\r\n\r\r\n\r\r\n<div class=\"doors_empty_space\" data-heightmobile=\"50\" data-heighttablet=\"50\" data-heightdesktop=\"80\">\r\r\n\r\r\n<\/div>\r\r\n      \r\r\n\r\r\n\r\r\n\r\r\n        \r\r\n      \r\r\n    [\/vc_column][\/vc_row][vc_row][vc_column width=&#8221;1\/2&#8243;]\r    \r\r    <div class=\"boxes small layout-4 clearfix \">\r\r      <div class=\"box-container clearfix\">\r\r\r\r        \r          \r          <div class=\"box-icon\">\r\r          \r            <i class=\"fa fa-truck\" style=\"background: none\"><\/i>\r\r          \r          <\/div>\r\r          \r        \r        \r          <h3 class=\"box-title-4\">Transport prosto do Klienta<\/h3>\r\r        \r        <p class=\"box-body\">Zam\u00f3wiony u nas towar dostarczymy w\u0142asnym transportem<\/p>\r\r        \r      <\/div>    \r\r    <\/div>      \r\r      \r\r    \r    \r\r    <div class=\"boxes small layout-4 clearfix \">\r\r      <div class=\"box-container clearfix\">\r\r\r\r        \r          \r          <div class=\"box-icon\">\r\r          \r            <i class=\"fa fa-users\" style=\"background: none\"><\/i>\r\r          \r          <\/div>\r\r          \r        \r        \r          <h3 class=\"box-title-4\">Sprawdzone przez wielu klient\u00f3w<\/h3>\r\r        \r        <p class=\"box-body\">Dzia\u0142amy na rynku od wielu lat. Zaufa\u0142y nam setki klient\u00f3w<\/p>\r\r        \r      <\/div>    \r\r    <\/div>      \r\r      \r\r    [\/vc_column][vc_column width=&#8221;1\/2&#8243;]\r    \r\r    <div class=\"boxes small layout-4 clearfix \">\r\r      <div class=\"box-container clearfix\">\r\r\r\r        \r          \r          <div class=\"box-icon\">\r\r          \r            <i class=\"fa fa-trophy\" style=\"background: none\"><\/i>\r\r          \r          <\/div>\r\r          \r        \r        \r          <h3 class=\"box-title-4\">Serwis gwarancyjny<\/h3>\r\r        \r        <p class=\"box-body\">Na wykonywane przez nas prace gwarantujemy serwis<\/p>\r\r        \r      <\/div>    \r\r    <\/div>      \r\r      \r\r    \r    \r\r    <div class=\"boxes small layout-4 clearfix \">\r\r      <div class=\"box-container clearfix\">\r\r\r\r        \r          \r          <div class=\"box-icon\">\r\r          \r            <i class=\"fa fa-wrench\" style=\"background: none\"><\/i>\r\r          \r          <\/div>\r\r          \r        \r        \r          <h3 class=\"box-title-4\">W\u0142asna linia produkcyjna<\/h3>\r\r        \r        <p class=\"box-body\">Wiele wykonywanych przez nas zlece\u0144 wytwarzamy w\u0142asnor\u0119cznie na miejscu<\/p>\r\r        \r      <\/div>    \r\r    <\/div>      \r\r      \r\r    [\/vc_column][\/vc_row][vc_row full_width=&#8221;stretch_row&#8221; css=&#8221;.vc_custom_1486423362335{padding-bottom: 90px !important;background-color: #f8f8fb !important;}&#8221;][vc_column]\r\n\r\r\n\r\r\n<div class=\"doors_empty_space\" data-heightmobile=\"50\" data-heighttablet=\"50\" data-heightdesktop=\"80\">\r\r\n\r\r\n<\/div>\r\r\n      \r\r\n\r\r\n\r\r\n\r\r\n        \r\r\n      \r\r\n    \t\t<div class=\"wd-heading   text-center\" >\r\n\t\t\t\r\n      \r\n      \r\n      <div style='margin-top: 10px;'><\/div>\r\n      \r\n      <h2 style=\"margin:0;font-size:48px;line-height:60px;\" >\r\n\t\t\t\t\t\tNajnowsze realizacje\t\t\t\t<\/h2>\r\n\r\n\t\t\t\t\t\t<\/div>\r\n\r\n\t\t\r\n\r\r\n\r\r\n<div class=\"doors_empty_space\" data-heightmobile=\"20\" data-heighttablet=\"25\" data-heightdesktop=\"40\">\r\r\n\r\r\n<\/div>\r\r\n      \r\r\n\r\r\n\r\r\n\r\r\n        \r\r\n      \r\r\n    \r\n  <ul class=\"content masque large-up-3 medium-up small-up \" data-numberitem=\"4\"\r\n      data-margin=\"10\">\r\n          <li class=\"grid_hover column column-block\" >\r\n        <figure class=\"effect-lily \">\r\n          <img loading=\"lazy\" decoding=\"async\" width=\"946\" height=\"802\" src=\"https:\/\/witim.pl\/wp-content\/uploads\/2015\/05\/WhatsApp-Image-2021-12-26-at-13.09.57-2-946x802.jpeg\" class=\"attachment-doors_portfolio size-doors_portfolio wp-post-image\" alt=\"\" \/>          <figcaption>\r\n            <div>\r\n              <h2>Drzwi zewn\u0119trzne<\/h2>\r\n              <p><\/p>\r\n            <\/div>\r\n            <a href=\"https:\/\/witim.pl\/?portfolio=nice-project\">View more<\/a>\r\n          <\/figcaption>\r\n        <\/figure>\r\n      <\/li>\r\n\r\n          <li class=\"grid_hover column column-block\" >\r\n        <figure class=\"effect-lily \">\r\n          <img loading=\"lazy\" decoding=\"async\" width=\"946\" height=\"802\" src=\"https:\/\/witim.pl\/wp-content\/uploads\/2015\/05\/WhatsApp-Image-2021-12-26-at-13.12.09-5-946x802.jpeg\" class=\"attachment-doors_portfolio size-doors_portfolio wp-post-image\" alt=\"\" \/>          <figcaption>\r\n            <div>\r\n              <h2>Nowoczesne  balustrady<\/h2>\r\n              <p><\/p>\r\n            <\/div>\r\n            <a href=\"https:\/\/witim.pl\/?portfolio=cool-project\">View more<\/a>\r\n          <\/figcaption>\r\n        <\/figure>\r\n      <\/li>\r\n\r\n          <li class=\"grid_hover column column-block\" >\r\n        <figure class=\"effect-lily \">\r\n          <img loading=\"lazy\" decoding=\"async\" width=\"946\" height=\"612\" src=\"https:\/\/witim.pl\/wp-content\/uploads\/2015\/05\/WhatsApp-12-26-at-13.09.56-946x612.jpeg\" class=\"attachment-doors_portfolio size-doors_portfolio wp-post-image\" alt=\"\" \/>          <figcaption>\r\n            <div>\r\n              <h2>Zadaszenia basen\u00f3w<\/h2>\r\n              <p><\/p>\r\n            <\/div>\r\n            <a href=\"https:\/\/witim.pl\/?portfolio=awesome-projects\">View more<\/a>\r\n          <\/figcaption>\r\n        <\/figure>\r\n      <\/li>\r\n\r\n          <li class=\"grid_hover column column-block\" >\r\n        <figure class=\"effect-lily \">\r\n          <img loading=\"lazy\" decoding=\"async\" width=\"946\" height=\"802\" src=\"https:\/\/witim.pl\/wp-content\/uploads\/2014\/08\/MG_3228-946x802.jpg\" class=\"attachment-doors_portfolio size-doors_portfolio wp-post-image\" alt=\"\" \/>          <figcaption>\r\n            <div>\r\n              <h2>Ogrody  zimowe<\/h2>\r\n              <p><\/p>\r\n            <\/div>\r\n            <a href=\"https:\/\/witim.pl\/?portfolio=aenean-auctor-laoreet-2\">View more<\/a>\r\n          <\/figcaption>\r\n        <\/figure>\r\n      <\/li>\r\n\r\n          <li class=\"grid_hover column column-block\" >\r\n        <figure class=\"effect-lily \">\r\n          <img loading=\"lazy\" decoding=\"async\" width=\"946\" height=\"802\" src=\"https:\/\/witim.pl\/wp-content\/uploads\/2015\/05\/WhatsApp-Image-2021-12-26-at-13.09.57-3-946x802.jpeg\" class=\"attachment-doors_portfolio size-doors_portfolio wp-post-image\" alt=\"\" \/>          <figcaption>\r\n            <div>\r\n              <h2>Zabudowy taras\u00f3w<\/h2>\r\n              <p><\/p>\r\n            <\/div>\r\n            <a href=\"https:\/\/witim.pl\/?portfolio=brandon-smith-2\">View more<\/a>\r\n          <\/figcaption>\r\n        <\/figure>\r\n      <\/li>\r\n\r\n          <li class=\"grid_hover column column-block\" >\r\n        <figure class=\"effect-lily \">\r\n          <img loading=\"lazy\" decoding=\"async\" width=\"467\" height=\"453\" src=\"https:\/\/witim.pl\/wp-content\/uploads\/2014\/08\/WhatsApp-Image-2021-12-26-at-13.07.01-1.jpeg\" class=\"attachment-doors_portfolio size-doors_portfolio wp-post-image\" alt=\"\" srcset=\"https:\/\/witim.pl\/wp-content\/uploads\/2014\/08\/WhatsApp-Image-2021-12-26-at-13.07.01-1.jpeg 467w, https:\/\/witim.pl\/wp-content\/uploads\/2014\/08\/WhatsApp-Image-2021-12-26-at-13.07.01-1-300x291.jpeg 300w\" sizes=\"auto, (max-width: 467px) 100vw, 467px\" \/>          <figcaption>\r\n            <div>\r\n              <h2>Zabudowy pomieszcze\u0144<\/h2>\r\n              <p><\/p>\r\n            <\/div>\r\n            <a href=\"https:\/\/witim.pl\/?portfolio=morbi-non-sem-a-lacus-porta-3\">View more<\/a>\r\n          <\/figcaption>\r\n        <\/figure>\r\n      <\/li>\r\n\r\n      <\/ul>\r\n  \r\n\r\n\r\n\r\n  [\/vc_column][\/vc_row][vc_row css=&#8221;.vc_custom_1640698105030{margin-top: 90px !important;}&#8221;][vc_column width=&#8221;2\/3&#8243;]\t\t<div class=\"wd-heading   text-left\" >\r\n\t\t\t\r\n      \r\n      <h2 style=\"margin:0;font-size:48px;line-height:60px;\" >\r\n\t\t\t\t\tNasza firma\t\t\t\t<\/h2>\r\n\r\n        <div style='margin-top: 10px;'><\/div>      \r\n              <p style=\"font-size:16px;color:#333333;\" >\r\n\t\t\t\t\tWierzymy w budowanie, aby pozytywnie wp\u0142ywa\u0107 na spo\u0142eczno\u015bci, infrastruktur\u0119, gospodark\u0119, mo\u017cliwo\u015bci i zatrudnienie. Jeste\u015bmy dumni z tego, \u017ce jeste\u015bmy proaktywni w naszym podej\u015bciu do projekt\u00f3w, zapewniaj\u0105c jednocze\u015bnie, \u017ce najlepsze interesy interesariuszy s\u0105 reprezentowane na ka\u017cdym etapie.\t\t\t\t<\/p>\r\n      \r\n      \r\n    \t\t<\/div>\r\n\r\n\t\t\r\n\r\r\n\r\r\n<div class=\"doors_empty_space\" data-heightmobile=\"20\" data-heighttablet=\"25\" data-heightdesktop=\"40\">\r\r\n\r\r\n<\/div>\r\r\n      \r\r\n\r\r\n\r\r\n\r\r\n        \r\r\n      \r\r\n    [\/vc_column][vc_column width=&#8221;1\/3&#8243;][vc_single_image image=&#8221;2733&#8243;][\/vc_column][\/vc_row]<\/p>\n","protected":false},"excerpt":{"rendered":"<p>[vc_row][vc_column][rev_slider_vc alias=&#8221;home-one-slider&#8221;][\/vc_column][\/vc_row][vc_row css=&#8221;.vc_custom_1463954640353{padding-right: 20px !important;padding-left: 20px !important;}&#8221;][vc_column][vc_row_inner gap=&#8221;20&#8243;][vc_column_inner width=&#8221;1\/4&#8243;][vc_raw_html]JTNDZGl2JTIwY2xhc3MlM0QlMjJzZXJ2aWNlLWJsb2NrJTIyJTNFJTBBJTA5JTNDaDMlM0VDenltJTIwemFqbXVqZSUyMHNpJUM0JTk5JTIwJTNDYnIlM0UlM0NzcGFuJTIwY2xhc3MlM0QlMjJoaWdobGlnaHRlZCUyMCUyMiUzRW5hc3phJTIwZmlybWElM0YlM0MlMkZzcGFuJTNFJTNDJTJGaDMlM0UlMEElMDklM0NwJTNFRHppYSVDNSU4MmFteSUyMG5hJTIwcnlua3UlMjBvZCUyMGQlQzUlODJ1JUM1JUJDc3plZ28lMjBjemFzdS4lMjBSb3pwb2N6eW5hbGklQzUlOUJteSUyMG9kJTIwbW9udGElQzUlQkN1JTIwZHJ6d2klMjBpJTIwb2tpZW4lMkMlMjB0ZXJheiUyMG5hc3olMjBkemlhJUM1JTgyYWxubyVDNSU5QiVDNCU4NyUyMHpvc3RhJUM1JTgyYSUyMHJvenN6ZXJ6b25hJTIwc3plcmVnJTIwbm93eWNoJTIwdXMlQzUlODJ1ZyUyMGklMjBwcmR1a3QlQzMlQjN3JTIwJTNDJTJGcCUzRSUwQSUzQyUyRmRpdiUzRQ==[\/vc_raw_html][\/vc_column_inner][vc_column_inner width=&#8221;1\/4&#8243;][\/vc_column_inner][vc_column_inner width=&#8221;1\/4&#8243;][\/vc_column_inner][vc_column_inner width=&#8221;1\/4&#8243;][\/vc_column_inner][\/vc_row_inner][\/vc_column][\/vc_row][vc_row css=&#8221;.vc_custom_1463954640353{padding-right: 20px !important;padding-left: 20px !important;}&#8221;][vc_column][vc_row_inner gap=&#8221;20&#8243;][vc_column_inner width=&#8221;1\/4&#8243;][\/vc_column_inner][vc_column_inner width=&#8221;1\/4&#8243;][\/vc_column_inner][vc_column_inner width=&#8221;1\/4&#8243;][\/vc_column_inner][vc_column_inner width=&#8221;1\/4&#8243;][\/vc_column_inner][\/vc_row_inner][\/vc_column][\/vc_row][vc_row][vc_column][\/vc_column][\/vc_row][vc_row full_width=&#8221;stretch_row&#8221; css=&#8221;.vc_custom_1486151028127{background-image: url(https:\/\/witim.pl\/wp-content\/uploads\/2016\/05\/worker-glass.jpg?id=2581) !important;background-position: center !important;background-repeat: no-repeat !important;background-size: cover !important;}&#8221;][vc_column width=&#8221;1\/2&#8243;][\/vc_column][vc_column width=&#8221;1\/2&#8243; css=&#8221;.vc_custom_1486223056917{padding-left: 30px !important;}&#8221;][\/vc_column][\/vc_row][vc_row][vc_column][\/vc_column][\/vc_row][vc_row][vc_column width=&#8221;1\/2&#8243;][\/vc_column][vc_column width=&#8221;1\/2&#8243;][\/vc_column][\/vc_row][vc_row full_width=&#8221;stretch_row&#8221; css=&#8221;.vc_custom_1486423362335{padding-bottom: 90px !important;background-color: #f8f8fb !important;}&#8221;][vc_column][\/vc_column][\/vc_row][vc_row css=&#8221;.vc_custom_1640698105030{margin-top: 90px !important;}&#8221;][vc_column width=&#8221;2\/3&#8243;][\/vc_column][vc_column width=&#8221;1\/3&#8243;][vc_single_image image=&#8221;2733&#8243;][\/vc_column][\/vc_row]<\/p>\n","protected":false},"author":1,"featured_media":0,"parent":0,"menu_order":0,"comment_status":"closed","ping_status":"closed","template":"","meta":{"footnotes":""},"class_list":["post-2693","page","type-page","status-publish","hentry"],"_links":{"self":[{"href":"https:\/\/witim.pl\/index.php?rest_route=\/wp\/v2\/pages\/2693","targetHints":{"allow":["GET"]}}],"collection":[{"href":"https:\/\/witim.pl\/index.php?rest_route=\/wp\/v2\/pages"}],"about":[{"href":"https:\/\/witim.pl\/index.php?rest_route=\/wp\/v2\/types\/page"}],"author":[{"embeddable":true,"href":"https:\/\/witim.pl\/index.php?rest_route=\/wp\/v2\/users\/1"}],"replies":[{"embeddable":true,"href":"https:\/\/witim.pl\/index.php?rest_route=%2Fwp%2Fv2%2Fcomments&post=2693"}],"version-history":[{"count":27,"href":"https:\/\/witim.pl\/index.php?rest_route=\/wp\/v2\/pages\/2693\/revisions"}],"predecessor-version":[{"id":2817,"href":"https:\/\/witim.pl\/index.php?rest_route=\/wp\/v2\/pages\/2693\/revisions\/2817"}],"wp:attachment":[{"href":"https:\/\/witim.pl\/index.php?rest_route=%2Fwp%2Fv2%2Fmedia&parent=2693"}],"curies":[{"name":"wp","href":"https:\/\/api.w.org\/{rel}","templated":true}]}}